{"id":630,"date":"2023-03-04T06:24:21","date_gmt":"2023-03-04T06:24:21","guid":{"rendered":"http:\/\/localhost\/tyrma_web\/?page_id=630"},"modified":"2023-03-08T11:54:09","modified_gmt":"2023-03-08T11:54:09","slug":"proceso","status":"publish","type":"page","link":"http:\/\/ixestion.com\/tyrma_web\/proceso\/","title":{"rendered":"Proceso"},"content":{"rendered":"\t\t<div data-elementor-type=\"wp-page\" data-elementor-id=\"630\" class=\"elementor elementor-630\" data-elementor-settings=\"[]\">\n\t\t\t\t\t\t<div class=\"elementor-inner\">\n\t\t\t\t\t\t\t<div class=\"elementor-section-wrap\">\n\t\t\t\t\t\t\t<section class=\"elementor-section elementor-top-section elementor-element elementor-element-72303b1a elementor-section-full_width elementor-section-height-default elementor-section-height-default\" data-id=\"72303b1a\" data-element_type=\"section\">\n\t\t\t\t\t\t<div class=\"elementor-container elementor-column-gap-default\">\n\t\t\t\t\t\t\t<div class=\"elementor-row\">\n\t\t\t\t\t<div class=\"elementor-column elementor-col-100 elementor-top-column elementor-element elementor-element-1ec2bbbc\" data-id=\"1ec2bbbc\" data-element_type=\"column\">\n\t\t\t<div class=\"elementor-column-wrap elementor-element-populated\">\n\t\t\t\t\t\t\t<div class=\"elementor-widget-wrap\">\n\t\t\t\t\t\t<div class=\"elementor-element elementor-element-aad3684 elementor-widget elementor-widget-text-editor\" data-id=\"aad3684\" data-element_type=\"widget\" data-widget_type=\"text-editor.default\">\n\t\t\t\t<div class=\"elementor-widget-container\">\n\t\t\t\t\t\t\t\t<div class=\"elementor-text-editor elementor-clearfix\">\n\t\t\t\t<p>PROCESO DE <span style=\"color: #3ca9d8;\"><strong>RECLICADO<\/strong><\/span><\/p>\t\t\t\t\t<\/div>\n\t\t\t\t\t\t<\/div>\n\t\t\t\t<\/div>\n\t\t\t\t\t\t<\/div>\n\t\t\t\t\t<\/div>\n\t\t<\/div>\n\t\t\t\t\t\t\t\t<\/div>\n\t\t\t\t\t<\/div>\n\t\t<\/section>\n\t\t\t\t<section class=\"elementor-section elementor-top-section elementor-element elementor-element-6203220 elementor-section-full_width elementor-section-height-min-height elementor-section-items-stretch elementor-section-height-default\" data-id=\"6203220\" data-element_type=\"section\">\n\t\t\t\t\t\t<div class=\"elementor-container elementor-column-gap-default\">\n\t\t\t\t\t\t\t<div class=\"elementor-row\">\n\t\t\t\t\t<div class=\"elementor-column elementor-col-100 elementor-top-column elementor-element elementor-element-3de940f\" data-id=\"3de940f\" data-element_type=\"column\">\n\t\t\t<div class=\"elementor-column-wrap elementor-element-populated\">\n\t\t\t\t\t\t\t<div class=\"elementor-widget-wrap\">\n\t\t\t\t\t\t<div class=\"elementor-element elementor-element-100321e elementor-widget elementor-widget-text-editor\" data-id=\"100321e\" data-element_type=\"widget\" data-widget_type=\"text-editor.default\">\n\t\t\t\t<div class=\"elementor-widget-container\">\n\t\t\t\t\t\t\t\t<div class=\"elementor-text-editor elementor-clearfix\">\n\t\t\t\t<p>TYRMA desarrollada tecnolog\u00eda y despliega maquinaria propia, al mismo tiempo que en una constante evoluci\u00f3n revisa y ajusta todos los procesos buscando la mejora constante y la eficiencia energ\u00e9tica.<\/p><p>Desde el departamento de compras, seleccionando el producto, hasta el de log\u00edstica que supervisa la entrega de material final, los departamentos de I+D, producci\u00f3n y administraci\u00f3n trabajan de manera coordinada en todo momento, gracias a esto podemos garantizar un material de calidad que se entrega en los tiempos que el cliente exige.<\/p><p>\u00a0<\/p>\t\t\t\t\t<\/div>\n\t\t\t\t\t\t<\/div>\n\t\t\t\t<\/div>\n\t\t\t\t\t\t<\/div>\n\t\t\t\t\t<\/div>\n\t\t<\/div>\n\t\t\t\t\t\t\t\t<\/div>\n\t\t\t\t\t<\/div>\n\t\t<\/section>\n\t\t\t\t<section class=\"elementor-section elementor-top-section elementor-element elementor-element-db3b1c3 elementor-section-boxed elementor-section-height-default elementor-section-height-default\" data-id=\"db3b1c3\" data-element_type=\"section\">\n\t\t\t\t\t\t<div class=\"elementor-container elementor-column-gap-default\">\n\t\t\t\t\t\t\t<div class=\"elementor-row\">\n\t\t\t\t\t<div class=\"elementor-column elementor-col-100 elementor-top-column elementor-element elementor-element-4900e10\" data-id=\"4900e10\" data-element_type=\"column\">\n\t\t\t<div class=\"elementor-column-wrap elementor-element-populated\">\n\t\t\t\t\t\t\t<div class=\"elementor-widget-wrap\">\n\t\t\t\t\t\t<div class=\"elementor-element elementor-element-4e1620a elementor-tabs-view-horizontal elementor-widget elementor-widget-tabs\" data-id=\"4e1620a\" data-element_type=\"widget\" data-widget_type=\"tabs.default\">\n\t\t\t\t<div class=\"elementor-widget-container\">\n\t\t\t\t\t<div class=\"elementor-tabs\">\n\t\t\t<div class=\"elementor-tabs-wrapper\" role=\"tablist\" >\n\t\t\t\t\t\t\t\t\t<div id=\"elementor-tab-title-8181\" class=\"elementor-tab-title elementor-tab-desktop-title\" aria-selected=\"true\" data-tab=\"1\" role=\"tab\" tabindex=\"0\" aria-controls=\"elementor-tab-content-8181\" aria-expanded=\"false\"><a href=\"\">Compra<\/a><\/div>\n\t\t\t\t\t\t\t\t\t<div id=\"elementor-tab-title-8182\" class=\"elementor-tab-title elementor-tab-desktop-title\" aria-selected=\"false\" data-tab=\"2\" role=\"tab\" tabindex=\"-1\" aria-controls=\"elementor-tab-content-8182\" aria-expanded=\"false\"><a href=\"\">Triturado<\/a><\/div>\n\t\t\t\t\t\t\t\t\t<div id=\"elementor-tab-title-8183\" class=\"elementor-tab-title elementor-tab-desktop-title\" aria-selected=\"false\" data-tab=\"3\" role=\"tab\" tabindex=\"-1\" aria-controls=\"elementor-tab-content-8183\" aria-expanded=\"false\"><a href=\"\">Lavado primario<\/a><\/div>\n\t\t\t\t\t\t\t\t\t<div id=\"elementor-tab-title-8184\" class=\"elementor-tab-title elementor-tab-desktop-title\" aria-selected=\"false\" data-tab=\"4\" role=\"tab\" tabindex=\"-1\" aria-controls=\"elementor-tab-content-8184\" aria-expanded=\"false\"><a href=\"\">Lavado secundario<\/a><\/div>\n\t\t\t\t\t\t\t\t\t<div id=\"elementor-tab-title-8185\" class=\"elementor-tab-title elementor-tab-desktop-title\" aria-selected=\"false\" data-tab=\"5\" role=\"tab\" tabindex=\"-1\" aria-controls=\"elementor-tab-content-8185\" aria-expanded=\"false\"><a href=\"\">Extrusi\u00f3n<\/a><\/div>\n\t\t\t\t\t\t\t\t\t<div id=\"elementor-tab-title-8186\" class=\"elementor-tab-title elementor-tab-desktop-title\" aria-selected=\"false\" data-tab=\"6\" role=\"tab\" tabindex=\"-1\" aria-controls=\"elementor-tab-content-8186\" aria-expanded=\"false\"><a href=\"\">Granceado<\/a><\/div>\n\t\t\t\t\t\t\t\t\t<div id=\"elementor-tab-title-8187\" class=\"elementor-tab-title elementor-tab-desktop-title\" aria-selected=\"false\" data-tab=\"7\" role=\"tab\" tabindex=\"-1\" aria-controls=\"elementor-tab-content-8187\" aria-expanded=\"false\"><a href=\"\">Control de calidad<\/a><\/div>\n\t\t\t\t\t\t\t\t\t<div id=\"elementor-tab-title-8188\" class=\"elementor-tab-title elementor-tab-desktop-title\" aria-selected=\"false\" data-tab=\"8\" role=\"tab\" tabindex=\"-1\" aria-controls=\"elementor-tab-content-8188\" aria-expanded=\"false\"><a href=\"\">Entrega<\/a><\/div>\n\t\t\t\t\t\t\t<\/div>\n\t\t\t<div class=\"elementor-tabs-content-wrapper\" role=\"tablist\" aria-orientation=\"vertical\">\n\t\t\t\t\t\t\t\t\t<div class=\"elementor-tab-title elementor-tab-mobile-title\" aria-selected=\"true\" data-tab=\"1\" role=\"tab\" tabindex=\"0\" aria-controls=\"elementor-tab-content-8181\" aria-expanded=\"false\">Compra<\/div>\n\t\t\t\t\t<div id=\"elementor-tab-content-8181\" class=\"elementor-tab-content elementor-clearfix\" data-tab=\"1\" role=\"tabpanel\" aria-labelledby=\"elementor-tab-title-8181\" tabindex=\"0\" hidden=\"false\"><p>El departamento comercial y de compras se encarga del proceso de selecci\u00f3n y adquisici\u00f3n de pl\u00e1stico de calidad, selecci\u00f3n y test de entrada.<img loading=\"lazy\" class=\"size-medium wp-image-632 aligncenter\" src=\"http:\/\/ixestion.com\/tyrma_web\/wp-content\/uploads\/2023\/03\/proceso_1_compra-300x200.jpg\" alt=\"\" width=\"300\" height=\"200\" srcset=\"http:\/\/ixestion.com\/tyrma_web\/wp-content\/uploads\/2023\/03\/proceso_1_compra-300x200.jpg 300w, http:\/\/ixestion.com\/tyrma_web\/wp-content\/uploads\/2023\/03\/proceso_1_compra.jpg 566w\" sizes=\"(max-width: 300px) 100vw, 300px\" \/><\/p><\/div>\n\t\t\t\t\t\t\t\t\t<div class=\"elementor-tab-title elementor-tab-mobile-title\" aria-selected=\"false\" data-tab=\"2\" role=\"tab\" tabindex=\"-1\" aria-controls=\"elementor-tab-content-8182\" aria-expanded=\"false\">Triturado<\/div>\n\t\t\t\t\t<div id=\"elementor-tab-content-8182\" class=\"elementor-tab-content elementor-clearfix\" data-tab=\"2\" role=\"tabpanel\" aria-labelledby=\"elementor-tab-title-8182\" tabindex=\"0\" hidden=\"hidden\"><p>Una vez seleccionado el pl\u00e1stico, el Dpto. de producci\u00f3n iniciar el proceso con el triturado.<br \/>La obtenci\u00f3n de un tama\u00f1o de material id\u00f3neo busca facilitar el reproceso.<\/p><p><img loading=\"lazy\" class=\"size-medium wp-image-633 aligncenter\" src=\"http:\/\/ixestion.com\/tyrma_web\/wp-content\/uploads\/2023\/03\/proceso_2_triturado-300x200.jpg\" alt=\"\" width=\"300\" height=\"200\" srcset=\"http:\/\/ixestion.com\/tyrma_web\/wp-content\/uploads\/2023\/03\/proceso_2_triturado-300x200.jpg 300w, http:\/\/ixestion.com\/tyrma_web\/wp-content\/uploads\/2023\/03\/proceso_2_triturado.jpg 566w\" sizes=\"(max-width: 300px) 100vw, 300px\" \/><\/p><\/div>\n\t\t\t\t\t\t\t\t\t<div class=\"elementor-tab-title elementor-tab-mobile-title\" aria-selected=\"false\" data-tab=\"3\" role=\"tab\" tabindex=\"-1\" aria-controls=\"elementor-tab-content-8183\" aria-expanded=\"false\">Lavado primario<\/div>\n\t\t\t\t\t<div id=\"elementor-tab-content-8183\" class=\"elementor-tab-content elementor-clearfix\" data-tab=\"3\" role=\"tabpanel\" aria-labelledby=\"elementor-tab-title-8183\" tabindex=\"0\" hidden=\"hidden\"><p>Lavado principal eliminando la suciedad m\u00e1s superficial.<\/p><p><img loading=\"lazy\" class=\"size-medium wp-image-637 aligncenter\" src=\"http:\/\/ixestion.com\/tyrma_web\/wp-content\/uploads\/2023\/03\/proceso_3_lavado_primario-300x200.jpg\" alt=\"\" width=\"300\" height=\"200\" srcset=\"http:\/\/ixestion.com\/tyrma_web\/wp-content\/uploads\/2023\/03\/proceso_3_lavado_primario-300x200.jpg 300w, http:\/\/ixestion.com\/tyrma_web\/wp-content\/uploads\/2023\/03\/proceso_3_lavado_primario.jpg 566w\" sizes=\"(max-width: 300px) 100vw, 300px\" \/><\/p><\/div>\n\t\t\t\t\t\t\t\t\t<div class=\"elementor-tab-title elementor-tab-mobile-title\" aria-selected=\"false\" data-tab=\"4\" role=\"tab\" tabindex=\"-1\" aria-controls=\"elementor-tab-content-8184\" aria-expanded=\"false\">Lavado secundario<\/div>\n\t\t\t\t\t<div id=\"elementor-tab-content-8184\" class=\"elementor-tab-content elementor-clearfix\" data-tab=\"4\" role=\"tabpanel\" aria-labelledby=\"elementor-tab-title-8184\" tabindex=\"0\" hidden=\"hidden\"><p>Permite eliminar la suciedad restante.<\/p><p><img loading=\"lazy\" class=\"alignnone size-medium wp-image-638 aligncenter\" src=\"http:\/\/ixestion.com\/tyrma_web\/wp-content\/uploads\/2023\/03\/proceso_4_lavado_secundario-300x200.jpg\" alt=\"\" width=\"300\" height=\"200\" srcset=\"http:\/\/ixestion.com\/tyrma_web\/wp-content\/uploads\/2023\/03\/proceso_4_lavado_secundario-300x200.jpg 300w, http:\/\/ixestion.com\/tyrma_web\/wp-content\/uploads\/2023\/03\/proceso_4_lavado_secundario.jpg 566w\" sizes=\"(max-width: 300px) 100vw, 300px\" \/><\/p><p>\u00a0<\/p><p>\u00a0<\/p><\/div>\n\t\t\t\t\t\t\t\t\t<div class=\"elementor-tab-title elementor-tab-mobile-title\" aria-selected=\"false\" data-tab=\"5\" role=\"tab\" tabindex=\"-1\" aria-controls=\"elementor-tab-content-8185\" aria-expanded=\"false\">Extrusi\u00f3n<\/div>\n\t\t\t\t\t<div id=\"elementor-tab-content-8185\" class=\"elementor-tab-content elementor-clearfix\" data-tab=\"5\" role=\"tabpanel\" aria-labelledby=\"elementor-tab-title-8185\" tabindex=\"0\" hidden=\"hidden\"><p>En nuestro proceso de extrusionado sometemos al material a un doble filtrado (90-110 mess\/inch) as\u00ed como una doble desgasificaci\u00f3n.<\/p><p><img loading=\"lazy\" class=\"size-medium wp-image-639 aligncenter\" src=\"http:\/\/ixestion.com\/tyrma_web\/wp-content\/uploads\/2023\/03\/proceso_5_extrusion-300x200.jpg\" alt=\"\" width=\"300\" height=\"200\" srcset=\"http:\/\/ixestion.com\/tyrma_web\/wp-content\/uploads\/2023\/03\/proceso_5_extrusion-300x200.jpg 300w, http:\/\/ixestion.com\/tyrma_web\/wp-content\/uploads\/2023\/03\/proceso_5_extrusion.jpg 566w\" sizes=\"(max-width: 300px) 100vw, 300px\" \/><\/p><p>\u00a0<\/p><\/div>\n\t\t\t\t\t\t\t\t\t<div class=\"elementor-tab-title elementor-tab-mobile-title\" aria-selected=\"false\" data-tab=\"6\" role=\"tab\" tabindex=\"-1\" aria-controls=\"elementor-tab-content-8186\" aria-expanded=\"false\">Granceado<\/div>\n\t\t\t\t\t<div id=\"elementor-tab-content-8186\" class=\"elementor-tab-content elementor-clearfix\" data-tab=\"6\" role=\"tabpanel\" aria-labelledby=\"elementor-tab-title-8186\" tabindex=\"0\" hidden=\"hidden\"><p>Obtenci\u00f3n del producto final.<\/p><p><img loading=\"lazy\" class=\"alignnone size-medium wp-image-640 aligncenter\" src=\"http:\/\/ixestion.com\/tyrma_web\/wp-content\/uploads\/2023\/03\/proceso_6_granceado-300x200.jpg\" alt=\"\" width=\"300\" height=\"200\" srcset=\"http:\/\/ixestion.com\/tyrma_web\/wp-content\/uploads\/2023\/03\/proceso_6_granceado-300x200.jpg 300w, http:\/\/ixestion.com\/tyrma_web\/wp-content\/uploads\/2023\/03\/proceso_6_granceado.jpg 566w\" sizes=\"(max-width: 300px) 100vw, 300px\" \/><\/p><p>\u00a0<\/p><\/div>\n\t\t\t\t\t\t\t\t\t<div class=\"elementor-tab-title elementor-tab-mobile-title\" aria-selected=\"false\" data-tab=\"7\" role=\"tab\" tabindex=\"-1\" aria-controls=\"elementor-tab-content-8187\" aria-expanded=\"false\">Control de calidad<\/div>\n\t\t\t\t\t<div id=\"elementor-tab-content-8187\" class=\"elementor-tab-content elementor-clearfix\" data-tab=\"7\" role=\"tabpanel\" aria-labelledby=\"elementor-tab-title-8187\" tabindex=\"0\" hidden=\"hidden\"><p>Nuestro departamento de calidad analiza cada una de las partidas para certificar que se cumplen todos los requisitos de calidad.<\/p><p><img loading=\"lazy\" class=\"aligncenter wp-image-642 size-full\" src=\"http:\/\/ixestion.com\/tyrma_web\/wp-content\/uploads\/2023\/03\/proceso_7_calidad.jpg\" alt=\"\" width=\"800\" height=\"243\" srcset=\"http:\/\/ixestion.com\/tyrma_web\/wp-content\/uploads\/2023\/03\/proceso_7_calidad.jpg 800w, http:\/\/ixestion.com\/tyrma_web\/wp-content\/uploads\/2023\/03\/proceso_7_calidad-300x91.jpg 300w, http:\/\/ixestion.com\/tyrma_web\/wp-content\/uploads\/2023\/03\/proceso_7_calidad-768x233.jpg 768w\" sizes=\"(max-width: 800px) 100vw, 800px\" \/><\/p><p>\u00a0<\/p><\/div>\n\t\t\t\t\t\t\t\t\t<div class=\"elementor-tab-title elementor-tab-mobile-title\" aria-selected=\"false\" data-tab=\"8\" role=\"tab\" tabindex=\"-1\" aria-controls=\"elementor-tab-content-8188\" aria-expanded=\"false\">Entrega<\/div>\n\t\t\t\t\t<div id=\"elementor-tab-content-8188\" class=\"elementor-tab-content elementor-clearfix\" data-tab=\"8\" role=\"tabpanel\" aria-labelledby=\"elementor-tab-title-8188\" tabindex=\"0\" hidden=\"hidden\"><p>El Departamento de log\u00edstica coordina la recogida y entrega del material en el cliente.<\/p><p><img loading=\"lazy\" class=\"size-medium wp-image-802 aligncenter\" src=\"http:\/\/ixestion.com\/tyrma_web\/wp-content\/uploads\/2023\/03\/proceso_distribucion-300x200.jpg\" alt=\"\" width=\"300\" height=\"200\" srcset=\"http:\/\/ixestion.com\/tyrma_web\/wp-content\/uploads\/2023\/03\/proceso_distribucion-300x200.jpg 300w, http:\/\/ixestion.com\/tyrma_web\/wp-content\/uploads\/2023\/03\/proceso_distribucion-768x512.jpg 768w, http:\/\/ixestion.com\/tyrma_web\/wp-content\/uploads\/2023\/03\/proceso_distribucion.jpg 800w\" sizes=\"(max-width: 300px) 100vw, 300px\" \/><\/p><p>\u00a0<\/p><\/div>\n\t\t\t\t\t\t\t<\/div>\n\t\t<\/div>\n\t\t\t\t<\/div>\n\t\t\t\t<\/div>\n\t\t\t\t\t\t<\/div>\n\t\t\t\t\t<\/div>\n\t\t<\/div>\n\t\t\t\t\t\t\t\t<\/div>\n\t\t\t\t\t<\/div>\n\t\t<\/section>\n\t\t\t\t<section class=\"elementor-section elementor-top-section elementor-element elementor-element-e6c23da elementor-section-boxed elementor-section-height-default elementor-section-height-default\" data-id=\"e6c23da\" data-element_type=\"section\">\n\t\t\t\t\t\t<div class=\"elementor-container elementor-column-gap-default\">\n\t\t\t\t\t\t\t<div class=\"elementor-row\">\n\t\t\t\t\t<div class=\"elementor-column elementor-col-100 elementor-top-column elementor-element elementor-element-a06d784\" data-id=\"a06d784\" data-element_type=\"column\">\n\t\t\t<div class=\"elementor-column-wrap elementor-element-populated\">\n\t\t\t\t\t\t\t<div class=\"elementor-widget-wrap\">\n\t\t\t\t\t\t<section class=\"elementor-section elementor-inner-section elementor-element elementor-element-a2c00dd elementor-section-boxed elementor-section-height-default elementor-section-height-default\" data-id=\"a2c00dd\" data-element_type=\"section\">\n\t\t\t\t\t\t<div class=\"elementor-container elementor-column-gap-default\">\n\t\t\t\t\t\t\t<div class=\"elementor-row\">\n\t\t\t\t\t<div class=\"elementor-column elementor-col-100 elementor-inner-column elementor-element elementor-element-183ecec\" data-id=\"183ecec\" data-element_type=\"column\">\n\t\t\t<div class=\"elementor-column-wrap elementor-element-populated\">\n\t\t\t\t\t\t\t<div class=\"elementor-widget-wrap\">\n\t\t\t\t\t\t<div class=\"elementor-element elementor-element-a773e00 elementor-widget elementor-widget-heading\" data-id=\"a773e00\" data-element_type=\"widget\" data-widget_type=\"heading.default\">\n\t\t\t\t<div class=\"elementor-widget-container\">\n\t\t\t<h2 class=\"elementor-heading-title elementor-size-default\">Tratamiento y recirculaci\u00f3n del <b>agua<\/b> en el proceso<\/h2>\t\t<\/div>\n\t\t\t\t<\/div>\n\t\t\t\t<div class=\"elementor-element elementor-element-e829414 elementor-widget elementor-widget-text-editor\" data-id=\"e829414\" data-element_type=\"widget\" data-widget_type=\"text-editor.default\">\n\t\t\t\t<div class=\"elementor-widget-container\">\n\t\t\t\t\t\t\t\t<div class=\"elementor-text-editor elementor-clearfix\">\n\t\t\t\t<p><span style=\"color: #3ca9d8;\">TYRMA<\/span> consta de un exhaustivo tratamiento del agua empleada en el proceso de producci\u00f3n con los m\u00e1s avanzados sistemas de depuraci\u00f3n, consiguiendo de esta manera obtener un agua que nos permite su recirculaci\u00f3n para el aprovechamiento productivo.<\/p><p>Nuestro objetivo, como empresa sensibilizada con el medio ambiente, es la reducci\u00f3n del consumo de agua en el proceso trabajando exclusivamente con una recirculaci\u00f3n.<\/p>\t\t\t\t\t<\/div>\n\t\t\t\t\t\t<\/div>\n\t\t\t\t<\/div>\n\t\t\t\t\t\t<\/div>\n\t\t\t\t\t<\/div>\n\t\t<\/div>\n\t\t\t\t\t\t\t\t<\/div>\n\t\t\t\t\t<\/div>\n\t\t<\/section>\n\t\t\t\t\t\t<\/div>\n\t\t\t\t\t<\/div>\n\t\t<\/div>\n\t\t\t\t\t\t\t\t<\/div>\n\t\t\t\t\t<\/div>\n\t\t<\/section>\n\t\t\t\t\t\t<\/div>\n\t\t\t\t\t\t<\/div>\n\t\t\t\t\t<\/div>\n\t\t","protected":false},"excerpt":{"rendered":"<p>PROCESO DE RECLICADO TYRMA desarrollada tecnolog\u00eda y despliega maquinaria propia, al mismo tiempo que en una constante evoluci\u00f3n revisa y ajusta todos los procesos buscando la mejora constante y la eficiencia energ\u00e9tica. Desde el departamento de compras, seleccionando el producto, hasta el de log\u00edstica que supervisa la entrega de material final, los departamentos de I+D, [&hellip;]<\/p>\n","protected":false},"author":1,"featured_media":0,"parent":0,"menu_order":0,"comment_status":"closed","ping_status":"closed","template":"elementor_header_footer","meta":[],"_links":{"self":[{"href":"http:\/\/ixestion.com\/tyrma_web\/wp-json\/wp\/v2\/pages\/630"}],"collection":[{"href":"http:\/\/ixestion.com\/tyrma_web\/wp-json\/wp\/v2\/pages"}],"about":[{"href":"http:\/\/ixestion.com\/tyrma_web\/wp-json\/wp\/v2\/types\/page"}],"author":[{"embeddable":true,"href":"http:\/\/ixestion.com\/tyrma_web\/wp-json\/wp\/v2\/users\/1"}],"replies":[{"embeddable":true,"href":"http:\/\/ixestion.com\/tyrma_web\/wp-json\/wp\/v2\/comments?post=630"}],"version-history":[{"count":6,"href":"http:\/\/ixestion.com\/tyrma_web\/wp-json\/wp\/v2\/pages\/630\/revisions"}],"predecessor-version":[{"id":808,"href":"http:\/\/ixestion.com\/tyrma_web\/wp-json\/wp\/v2\/pages\/630\/revisions\/808"}],"wp:attachment":[{"href":"http:\/\/ixestion.com\/tyrma_web\/wp-json\/wp\/v2\/media?parent=630"}],"curies":[{"name":"wp","href":"https:\/\/api.w.org\/{rel}","templated":true}]}}