{"id":902,"date":"2023-04-15T05:23:42","date_gmt":"2023-04-15T05:23:42","guid":{"rendered":"http:\/\/ixestion.com\/tyrma_web\/?page_id=902"},"modified":"2023-04-15T05:26:28","modified_gmt":"2023-04-15T05:26:28","slug":"politica-de-cookies","status":"publish","type":"page","link":"http:\/\/ixestion.com\/tyrma_web\/politica-de-cookies\/","title":{"rendered":"Pol\u00edtica de Cookies"},"content":{"rendered":"\t\t<div data-elementor-type=\"wp-page\" data-elementor-id=\"902\" class=\"elementor elementor-902\" data-elementor-settings=\"[]\">\n\t\t\t\t\t\t<div class=\"elementor-inner\">\n\t\t\t\t\t\t\t<div class=\"elementor-section-wrap\">\n\t\t\t\t\t\t\t<section class=\"elementor-section elementor-top-section elementor-element elementor-element-23afb36e elementor-section-full_width elementor-section-height-default elementor-section-height-default\" data-id=\"23afb36e\" data-element_type=\"section\">\n\t\t\t\t\t\t<div class=\"elementor-container elementor-column-gap-default\">\n\t\t\t\t\t\t\t<div class=\"elementor-row\">\n\t\t\t\t\t<div class=\"elementor-column elementor-col-50 elementor-top-column elementor-element elementor-element-3f365066\" data-id=\"3f365066\" data-element_type=\"column\">\n\t\t\t<div class=\"elementor-column-wrap elementor-element-populated\">\n\t\t\t\t\t\t\t<div class=\"elementor-widget-wrap\">\n\t\t\t\t\t\t<div class=\"elementor-element elementor-element-7affc9b4 elementor-widget elementor-widget-heading\" data-id=\"7affc9b4\" data-element_type=\"widget\" data-widget_type=\"heading.default\">\n\t\t\t\t<div class=\"elementor-widget-container\">\n\t\t\t<h1 class=\"elementor-heading-title elementor-size-default\">Pol\u00edtica <b> COOKIES<\/b><\/h1>\t\t<\/div>\n\t\t\t\t<\/div>\n\t\t\t\t\t\t<\/div>\n\t\t\t\t\t<\/div>\n\t\t<\/div>\n\t\t\t\t<div class=\"elementor-column elementor-col-50 elementor-top-column elementor-element elementor-element-1e457b71\" data-id=\"1e457b71\" data-element_type=\"column\">\n\t\t\t<div class=\"elementor-column-wrap elementor-element-populated\">\n\t\t\t\t\t\t\t<div class=\"elementor-widget-wrap\">\n\t\t\t\t\t\t<div class=\"elementor-element elementor-element-3550078e elementor-widget elementor-widget-text-editor\" data-id=\"3550078e\" data-element_type=\"widget\" data-widget_type=\"text-editor.default\">\n\t\t\t\t<div class=\"elementor-widget-container\">\n\t\t\t\t\t\t\t\t<div class=\"elementor-text-editor elementor-clearfix\">\n\t\t\t\t<blockquote><p>Las disposiciones contenidas en este sitio web se configuran como las normas reguladoras que la<br \/>WEB\u00a0 de<strong> TECNOLOG\u00cdA Y RECICLAJE DE MATERIALES, S.L <\/strong>pone a disposici\u00f3n de los usuarios de Internet.<\/p><\/blockquote>\t\t\t\t\t<\/div>\n\t\t\t\t\t\t<\/div>\n\t\t\t\t<\/div>\n\t\t\t\t\t\t<\/div>\n\t\t\t\t\t<\/div>\n\t\t<\/div>\n\t\t\t\t\t\t\t\t<\/div>\n\t\t\t\t\t<\/div>\n\t\t<\/section>\n\t\t\t\t<section class=\"elementor-section elementor-top-section elementor-element elementor-element-2108b0f elementor-section-boxed elementor-section-height-default elementor-section-height-default\" data-id=\"2108b0f\" data-element_type=\"section\">\n\t\t\t\t\t\t<div class=\"elementor-container elementor-column-gap-default\">\n\t\t\t\t\t\t\t<div class=\"elementor-row\">\n\t\t\t\t\t<div class=\"elementor-column elementor-col-100 elementor-top-column elementor-element elementor-element-2053b07\" data-id=\"2053b07\" data-element_type=\"column\">\n\t\t\t<div class=\"elementor-column-wrap elementor-element-populated\">\n\t\t\t\t\t\t\t<div class=\"elementor-widget-wrap\">\n\t\t\t\t\t\t<div class=\"elementor-element elementor-element-3f6ddd9 elementor-widget elementor-widget-text-editor\" data-id=\"3f6ddd9\" data-element_type=\"widget\" data-widget_type=\"text-editor.default\">\n\t\t\t\t<div class=\"elementor-widget-container\">\n\t\t\t\t\t\t\t\t<div class=\"elementor-text-editor elementor-clearfix\">\n\t\t\t\t<p>En cumplimiento con lo dispuesto en el art\u00edculo 22.2 de la Ley 34\/2002, de 11 de julio, de Servicios de la Sociedad de la Informaci\u00f3n y de Comercio Electr\u00f3nico, este Sitio Web le informa, en esta secci\u00f3n, sobre la pol\u00edtica de recogida y tratamiento de cookies.<\/p><p><strong>\u00bfQU\u00c9 SON LAS COOKIES?<\/strong><\/p><p>Las cookies son peque\u00f1os ficheros de texto que algunos servidores guardan en nuestro disco duro con nuestro consentimiento, y que contiene informaci\u00f3n acerca de lo que hemos estado haciendo en sus p\u00e1ginas (tiempo de permanencia en una determinada pantalla, obtenci\u00f3n de informaci\u00f3n espec\u00edfica acerca de un determinado producto, etc.\u2026) La gran mayor\u00eda de las cookies tiene fecha de caducidad, que puede oscilar desde el tiempo que dure la sesi\u00f3n hasta una fecha futura especificada, a partir de la cual dejan de ser operativa.<\/p><ol><li><strong>LAS COOKIES QUE UTILIZA ESTE SITIO WEB<\/strong><\/li><\/ol><p>Las cookies empleadas en este Sitio Web se asocian \u00fanicamente con un usuario an\u00f3nimo y su ordenador, no proporcionan referencias que permitan deducir el nombre y apellidos del usuario y no pueden leer datos de su disco duro ni incluir virus en sus textos. Nuestro Sitio Web tampoco puede leer las cookies implantadas en el disco duro del Usuario desde otros servidores.<\/p><p>El usuario puede libremente decidir acerca de la implantaci\u00f3n o no en su disco duro de las cookies empleadas en nuestro Sitio Web. En este sentido, el usuario puede configurar su navegador para aceptar o rechazar por defecto todas las cookies o para recibir un aviso en pantalla de la recepci\u00f3n de cada cookie y decidir en ese momento su implantaci\u00f3n o no en su disco duro. Para esto, recomendamos consultar la secci\u00f3n de ayuda de su navegador para saber c\u00f3mo cambiar la configuraci\u00f3n que actualmente emplea.<\/p><p>Como usuario, usted tiene el derecho de rechazar todas las cookies o permitir que funcionen solamente las que considere necesarias, y podr\u00e1 navegar normalmente por nuestro Sitio Web, con el \u00fanico inconveniente de no poder disfrutar de ciertas funcionalidades que requieran la instalaci\u00f3n de alguna cookie en su servidor. En cualquier caso, el Usuario podr\u00e1 eliminar las cookies implantadas en su disco duro en cualquier momento, siguiendo el procedimiento establecido en la secci\u00f3n de ayuda de su navegador y que posteriormente detallaremos.<\/p><p>Seg\u00fan los t\u00e9rminos incluidos en el art\u00edculo 22.2 de la Ley 34\/2002 de Servicios de la Sociedad de la Informaci\u00f3n y Comercio Electr\u00f3nico, si usted decide continuar navegando con todas las cookies habilitadas, estar\u00e1 prestando su consentimiento para el empleo de las cookies que detallamos a continuaci\u00f3n.<\/p><p>Las cookies de este Sitio Web ayudan a:<\/p><ul><li>Hacer que este Sitio Web funcione correctamente;<\/li><li>Mejorar la velocidad \/ seguridad del Sitio Web;<br \/><br \/><\/li><\/ul><p>No utilizamos jam\u00e1s cookies para:<\/p><ul><li>Recoger informaci\u00f3n de identificaci\u00f3n personal (sin su consentimiento expreso);<\/li><li>Recoger informaci\u00f3n sensible (sin su consentimiento expreso);<\/li><li>Compartir datos de identificaci\u00f3n personal a terceros.<\/li><\/ul><p><strong>\u00a0<\/strong><\/p><ol start=\"2\"><li><strong>COOKIES DE TERCEROS QUE UTILIZAMOS EN ESTE SITIO WEB Y QUE DEBE CONOCER.<\/strong><\/li><\/ol><p>Este Sitio Web, como la gran mayor\u00eda de los Sitios Web, incluye funcionalidades proporcionadas por terceros.<\/p><p>Tambi\u00e9n se ponen a prueba regularmente nuevos dise\u00f1os o servicios de terceros para recomendaciones e informes.<\/p><p>Esto puede modificar ocasionalmente la configuraci\u00f3n de cookies y que aparezcan cookies no detalladas en la presente pol\u00edtica. Es importante informarle que se tratan de cookies provisionales que no siempre es posible informar y que solo tienen finalidades de estudio y valoraci\u00f3n. En ning\u00fan caso se van a utilizar cookies que comprometan su privacidad.<\/p><p>A continuaci\u00f3n, y seg\u00fan exige el art\u00edculo 22.2 de la LSSI se detallan las cookies que pueden instalarse habitualmente durante la navegaci\u00f3n por este Sitio Web:<\/p><table width=\"586\"><tbody><tr><td width=\"161\"><p><strong>NOMBRE\u00a0<\/strong><\/p><\/td><td width=\"142\"><p><strong>DURACI\u00d3N<\/strong><\/p><\/td><td width=\"283\"><p><strong>FINALIDAD<\/strong><\/p><\/td><\/tr><tr><td width=\"161\"><p>Terceros persistente_ga<\/p><\/td><td width=\"142\"><p>2 a\u00f1os a partir de la configuraci\u00f3n<\/p><\/td><td width=\"283\"><p>Se usa para distinguir a los usuarios. Es una cookie perteneciente a Google Analytics.\u00a0<a href=\"https:\/\/www.google.com\/intl\/es\/policies\/\">M\u00e1s informaci\u00f3n<\/a><\/p><\/td><\/tr><tr><td width=\"161\"><p>Terceros persistente_gat<\/p><\/td><td width=\"142\"><p>10 minutos<\/p><\/td><td width=\"283\"><p>Se usa para saber el ratio de recarga. Es una cookie perteneciente a Google Analytics.\u00a0<a href=\"https:\/\/www.google.com\/intl\/es\/policies\/\">M\u00e1s informaci\u00f3n<\/a><\/p><\/td><\/tr><tr><td width=\"161\"><p>Terceros persistente__utma<\/p><\/td><td width=\"142\"><p>2 a\u00f1os desde cada actualizaci\u00f3n<\/p><\/td><td width=\"283\"><p>Esta cookie se suele establecer durante la primera visita. Si la cookie es eliminada manualmente, volver\u00e1 a establecerse en la siguiente visita con ID nuevo. En la mayor\u00eda de los casos esta cookie se utiliza para determinar visitantes \u00fanicos a nuestro sitio y es actualizada con cada p\u00e1gina vista. Adem\u00e1s esta cookie tiene un ID \u00fanico de Google Analytics que asegura tanto la validez de la misma como su accesibilidad como una medida de seguridad adicional.\u00a0<a href=\"https:\/\/www.google.com\/intl\/es\/policies\/\">M\u00e1s informaci\u00f3n<\/a><\/p><\/td><\/tr><tr><td width=\"161\"><p>Terceros persistente__utmb<\/p><\/td><td width=\"142\"><p>2 a\u00f1os desde cada actualizaci\u00f3n<\/p><\/td><td width=\"283\"><p>Esta cookie se utiliza para establecer y continuar una sesi\u00f3n de usuario en nuestro sitio. Cuando un usuario visita una p\u00e1gina en nuestro sitio, el c\u00f3digo de Google Analytics intenta actualizar esta cookie. Si no encuentra la cookie, crear\u00e1 una nueva. Cada vez que el usuario visita una p\u00e1gina distinta se actualiza esta cookie para caducar a los 30 minutos, de esa forma contin\u00faa encontrar una sesi\u00f3n \u00fanica en intervalos de 30 minutos. Esta cookie caduca cuando un usuario deja de visitas nuestro sitio por un per\u00edodo de 30 minutos.\u00a0<a href=\"https:\/\/www.google.com\/intl\/es\/policies\/\">M\u00e1s informaci\u00f3n<\/a><\/p><\/td><\/tr><tr><td width=\"161\"><p>Terceros persistenteAPISID, HSID, NID, SAPISID, SID, SSID<\/p><\/td><td width=\"142\"><p>2 a\u00f1os desde su instalaci\u00f3n<\/p><\/td><td width=\"283\"><p>Guarda preferencias de usuario y otra informaci\u00f3n de los servicios de Google que tiene el usuario.\u00a0<a href=\"https:\/\/www.google.com\/policies\/privacy\/\">M\u00e1s informaci\u00f3n<\/a><\/p><\/td><\/tr><tr><td width=\"161\"><p>Propia sesi\u00f3n moove_gdpr_popup<\/p><\/td><td width=\"142\"><p>Sesi\u00f3n<\/p><\/td><td width=\"283\"><p>Utilizada para guardar las preferencias sobre cookies<\/p><\/td><\/tr><\/tbody><\/table><ol start=\"3\"><li><strong>\u00bfC\u00d3MO PUEDO GESTIONAR Y DESACTIVARESTAS COOKIES?<\/strong><\/li><\/ol><p>En el caso de no desear que el Sitio Web no instale ninguna cookie en su equipo, cabe la posibilidad de adaptar su navegador de modo que se te notifique antes de que se descargue ninguna cookie.<\/p><p>Asimismo, se puede igualmente modificar la configuraci\u00f3n del navegador de forma que rechace todas las cookies o \u00fanicamente las cookies de terceros. Tambi\u00e9n es posible eliminar cualquiera de las cookies que ya se encuentren en su equipo; para ello usted tendr\u00e1 que adaptar por separado la configuraci\u00f3n de cada navegador y equipo que utilice.<\/p><p>Ponemos a disposici\u00f3n de los usuarios que quieran impedir la instalaci\u00f3n de las mencionadas cookies, enlaces facilitados al efecto por navegadores cuyo uso se considera m\u00e1s extendido:<\/p><p><strong>ADMINISTRACION DE COOKIES POR NAVEGADOR:\u00a0<\/strong><\/p><p>Google Chrome\u00a0<\/p><p><a href=\"http:\/\/support.google.com\/chrome\/bin\/answer.py?hl=es&amp;answer=95647\">http:\/\/support.google.com\/chrome\/bin\/answer.py?hl=es&amp;answer=95647<\/a><br \/>Explorer,\u00a0<br \/><a href=\"https:\/\/support.microsoft.com\/en-us\/help\/17442\/windows-internet-explorer-delete-manage-cookies\">https:\/\/support.microsoft.com\/en-us\/help\/17442\/windows-internet-explorer-delete-manage-cookies<\/a><\/p><p>Firefox,\u00a0<br \/><a href=\"https:\/\/support.mozilla.org\/es\/kb\/Deshabilitar%20cookies%20de%20terceros\">https:\/\/support.mozilla.org\/es\/kb\/Deshabilitar%20cookies%20de%20terceros<\/a><\/p><p>Safari,\u00a0<br \/><a href=\"http:\/\/support.apple.com\/kb\/ph5042\">http:\/\/support.apple.com\/kb\/ph5042<\/a><\/p><p>Muchos navegadores permiten activar un modo privado mediante el cual las cookies se borran siempre despu\u00e9s de su visita y, dependiendo de cada navegador, este modo privado puede tener diferentes nombres. Abajo puede encontrar una lista de los navegadores m\u00e1s comunes y los diferentes nombres de este \u201cmodo privado\u201d:<\/p><p>\u2013 Internet Explorer 8 y superior: InPrivate<\/p><p>\u2013 FireFox 3.5 y superior: Navegaci\u00f3n Privada<\/p><p>\u2013 Google Chrome 10 y superior: Inc\u00f3gnito<\/p><p>\u2013 Safari 2 y superior: Navegaci\u00f3n Privada<\/p><p>\u2013 Opera 10.5 y superior: Navegaci\u00f3n Privada<\/p><p>Por favor, lee atentamente la secci\u00f3n de ayuda de su navegador para conocer m\u00e1s acerca de c\u00f3mo activar el \u201cmodo privado\u201d. Podr\u00e1 seguir visitando nuestro Sitio Web aunque su navegador est\u00e9 en \u201cmodo privado\u201d, no obstante, la experiencia de usuario puede no ser \u00f3ptima y algunas utilidades pueden no funcionar.<\/p><p>Si necesita m\u00e1s informaci\u00f3n acerca del bloqueo en su equipo de cookies, no dude en atender la explicaci\u00f3n que se le da en este enlace Web:\u00a0<a href=\"http:\/\/windows.microsoft.com\/es-es\/windows-vista\/block-or-allow-cookies\">http:\/\/windows.microsoft.com\/es-es\/windows-vista\/block-or-allow-cookies<\/a><\/p><p><strong>CAMBIOS EN LA POL\u00cdTICA DE COOKIES<\/strong><\/p><p>Es posible que actualicemos la Pol\u00edtica de Cookies de nuestro Sitio Web. Por ello, le recomendamos revisar esta pol\u00edtica cada vez que acceda a nuestro Sitio Web con el objetivo de estar adecuadamente informado sobre c\u00f3mo y para qu\u00e9 usamos las cookies.<\/p><p><strong>POL\u00cdTICA DE PRIVACIDAD<\/strong><\/p><p>Puede leer nuestra pol\u00edtica de privacidad para una mayor informaci\u00f3n sobre el tratamiento de datos personales.<\/p><p><strong>CONTACTO<\/strong><\/p><p>Si tuviera alguna duda, comentario o sugerencia sobre la Pol\u00edtica de Cookies, por favor escriba a: administracion@genepol.com<\/p>\t\t\t\t\t<\/div>\n\t\t\t\t\t\t<\/div>\n\t\t\t\t<\/div>\n\t\t\t\t\t\t<\/div>\n\t\t\t\t\t<\/div>\n\t\t<\/div>\n\t\t\t\t\t\t\t\t<\/div>\n\t\t\t\t\t<\/div>\n\t\t<\/section>\n\t\t\t\t\t\t<\/div>\n\t\t\t\t\t\t<\/div>\n\t\t\t\t\t<\/div>\n\t\t","protected":false},"excerpt":{"rendered":"<p>Pol\u00edtica COOKIES Las disposiciones contenidas en este sitio web se configuran como las normas reguladoras que laWEB\u00a0 de TECNOLOG\u00cdA Y RECICLAJE DE MATERIALES, S.L pone a disposici\u00f3n de los usuarios de Internet. En cumplimiento con lo dispuesto en el art\u00edculo 22.2 de la Ley 34\/2002, de 11 de julio, de Servicios de la Sociedad de [&hellip;]<\/p>\n","protected":false},"author":1,"featured_media":0,"parent":0,"menu_order":0,"comment_status":"closed","ping_status":"closed","template":"","meta":[],"_links":{"self":[{"href":"http:\/\/ixestion.com\/tyrma_web\/wp-json\/wp\/v2\/pages\/902"}],"collection":[{"href":"http:\/\/ixestion.com\/tyrma_web\/wp-json\/wp\/v2\/pages"}],"about":[{"href":"http:\/\/ixestion.com\/tyrma_web\/wp-json\/wp\/v2\/types\/page"}],"author":[{"embeddable":true,"href":"http:\/\/ixestion.com\/tyrma_web\/wp-json\/wp\/v2\/users\/1"}],"replies":[{"embeddable":true,"href":"http:\/\/ixestion.com\/tyrma_web\/wp-json\/wp\/v2\/comments?post=902"}],"version-history":[{"count":4,"href":"http:\/\/ixestion.com\/tyrma_web\/wp-json\/wp\/v2\/pages\/902\/revisions"}],"predecessor-version":[{"id":906,"href":"http:\/\/ixestion.com\/tyrma_web\/wp-json\/wp\/v2\/pages\/902\/revisions\/906"}],"wp:attachment":[{"href":"http:\/\/ixestion.com\/tyrma_web\/wp-json\/wp\/v2\/media?parent=902"}],"curies":[{"name":"wp","href":"https:\/\/api.w.org\/{rel}","templated":true}]}}